{"id":4910,"date":"2021-08-22T13:01:43","date_gmt":"2021-08-22T11:01:43","guid":{"rendered":"https:\/\/blu-lifestyle.eu\/sklep\/uncategorized\/boys-bathrobe-1530-1\/"},"modified":"2025-12-10T23:00:23","modified_gmt":"2025-12-10T22:00:23","slug":"boys-bathrobe-1530-1","status":"publish","type":"product","link":"https:\/\/blu-lifestyle.eu\/en\/shop\/3-child\/325-from-newborn-to-little-sailor\/boys-bathrobe-1530-1\/","title":{"rendered":"BLU children&#8217;s hooded bathrobe \u2013 white with navy blue details | 0\u20134 years | Cotton, soft, premium (1530-1)"},"content":{"rendered":"<p data-start=\"544\" data-end=\"849\">The BLU children&#8217;s bathrobe is the perfect garment for after bath time, at the pool, at the beach, and anywhere else where your little one needs warmth and comfort. This model has been a bestseller in brick-and-mortar stores and at trade fairs for years \u2014 parents choose it for its quality, softness, and unique BLU nautical style. <\/p>\n<h3 data-start=\"851\" data-end=\"899\">\u2b50 <strong data-start=\"857\" data-end=\"899\">Why do parents love the BLU bathrobe?<\/strong><\/h3>\n<p data-start=\"901\" data-end=\"1705\">\u2714 <strong data-start=\"903\" data-end=\"922\">Soft and warm<\/strong> \u2014 made of high-quality fabric with a pleasant, soft lining on the inside.<br data-start=\"1035\" data-end=\"1038\">\u2714 <strong data-start=\"1040\" data-end=\"1062\">Perfect after bathing <\/strong>\u2014 great for use after a shower, in the bathtub, at the beach, by the pool, or on vacation.<br data-start=\"1167\" data-end=\"1170\">\u2714 <strong data-start=\"1172\" data-end=\"1186\">With a hood <\/strong>\u2014 the hood is lined with navy blue fabric with bright starfish, which adds character and protects your child&#8217;s head from the cold.<br data-start=\"1319\" data-end=\"1322\">\u2714 <strong data-start=\"1324\" data-end=\"1348\">Practical and comfortable<\/strong> \u2014 comfortable waist tie and cuffs finished with the same starfish fabric.<br data-start=\"1435\" data-end=\"1438\">\u2714 Premium details \u2014 decorative embroidery with a small boat patch on the front and white and navy blue striped trim that beautifully emphasizes the nautical style.<\/p>\n<h3 data-start=\"1707\" data-end=\"1736\">\u2b50 Available sizes<\/h3>\n<p data-start=\"1737\" data-end=\"1779\">\u2022 0\u20139 months<br data-start=\"1751\" data-end=\"1754\">\u2022 1\u20132 years<br data-start=\"1764\" data-end=\"1767\">\u2022 2\u20134 years<\/p>\n<p data-start=\"1781\" data-end=\"2008\">This bathrobe keeps little ones warm and safe, while giving parents the confidence that they are choosing a proven, durable, and stylish product. It is also perfect as a gift for a baby, a baby shower, christening, or birthday. <\/p>\n","protected":false},"excerpt":{"rendered":"<p>The BLU children&#8217;s bathrobe is the perfect garment for after bath time, at the pool, at the beach, and anywhere else where your little one needs warmth and comfort. This model has been a bestseller in brick-and-mortar stores and at trade fairs for years \u2014 parents choose it for its quality, softness, and unique BLU [&hellip;]<\/p>\n","protected":false},"featured_media":15330,"comment_status":"open","ping_status":"closed","template":"","meta":{"_acf_changed":false,"inline_featured_image":false},"product_brand":[],"product_cat":[205,209],"product_tag":[443,437,440,441,479,464,466,465,523,475,528,489,512,504,529],"class_list":{"0":"post-4910","1":"product","2":"type-product","3":"status-publish","4":"has-post-thumbnail","6":"product_cat-3-child","7":"product_cat-325-from-newborn-to-little-sailor","8":"product_tag-baby-en","9":"product_tag-babyboy-en","10":"product_tag-blu-en","11":"product_tag-blu-lifestyle-en-2","12":"product_tag-collection","13":"product_tag-elegance","14":"product_tag-elegantly","15":"product_tag-fashion-en","16":"product_tag-holidays","17":"product_tag-kidsbabylove-en","18":"product_tag-layette-for-a-baby","19":"product_tag-marine-en","20":"product_tag-maritime-style","21":"product_tag-sailing-en","22":"product_tag-yachting-en","23":"pa_rozmiar-0-9m-en","24":"pa_rozmiar-1-2y-en","25":"pa_rozmiar-3-4y-en","27":"first","28":"instock","29":"taxable","30":"shipping-taxable","31":"purchasable","32":"product-type-variable"},"acf":[],"yoast_head":"<!-- This site is optimized with the Yoast SEO plugin v26.7 - https:\/\/yoast.com\/wordpress\/plugins\/seo\/ -->\n<title>BLU children&#039;s hooded bathrobe \u2013 white with navy blue details | 0\u20134 years | Cotton, soft, premium (1530-1)<\/title>\n<meta name=\"description\" content=\"Stylowy dzieci\u0119cy szlafrok BLU z kapturem \u2014 bia\u0142y z granatowymi detalami, mi\u0119kki i szybkoschn\u0105cy. Idealny po k\u0105pieli, na basen i nad morze. Rozmiary 0\u20134 lata.\" \/>\n<meta name=\"robots\" content=\"index, follow, max-snippet:-1, max-image-preview:large, max-video-preview:-1\" \/>\n<link rel=\"canonical\" href=\"https:\/\/blu-lifestyle.eu\/en\/shop\/3-child\/325-from-newborn-to-little-sailor\/boys-bathrobe-1530-1\/\" \/>\n<meta property=\"og:locale\" content=\"en_US\" \/>\n<meta property=\"og:type\" content=\"article\" \/>\n<meta property=\"og:title\" content=\"BLU children&#039;s hooded bathrobe \u2013 white with navy blue details | 0\u20134 years | Cotton, soft, premium (1530-1)\" \/>\n<meta property=\"og:description\" content=\"Stylowy dzieci\u0119cy szlafrok BLU z kapturem \u2014 bia\u0142y z granatowymi detalami, mi\u0119kki i szybkoschn\u0105cy. Idealny po k\u0105pieli, na basen i nad morze. Rozmiary 0\u20134 lata.\" \/>\n<meta property=\"og:url\" content=\"https:\/\/blu-lifestyle.eu\/en\/shop\/3-child\/325-from-newborn-to-little-sailor\/boys-bathrobe-1530-1\/\" \/>\n<meta property=\"og:site_name\" content=\"BLU LIFESTYLE\" \/>\n<meta property=\"article:modified_time\" content=\"2025-12-10T22:00:23+00:00\" \/>\n<meta property=\"og:image\" content=\"https:\/\/blu-lifestyle.eu\/wp-content\/uploads\/2021\/08\/Szlafrok-dla-chlopca-scaled.jpg\" \/>\n\t<meta property=\"og:image:width\" content=\"1707\" \/>\n\t<meta property=\"og:image:height\" content=\"2560\" \/>\n\t<meta property=\"og:image:type\" content=\"image\/jpeg\" \/>\n<meta name=\"twitter:card\" content=\"summary_large_image\" \/>\n<meta name=\"twitter:label1\" content=\"Est. reading time\" \/>\n\t<meta name=\"twitter:data1\" content=\"1 minute\" \/>\n<script type=\"application\/ld+json\" class=\"yoast-schema-graph\">{\"@context\":\"https:\/\/schema.org\",\"@graph\":[{\"@type\":\"WebPage\",\"@id\":\"https:\/\/blu-lifestyle.eu\/en\/shop\/3-child\/325-from-newborn-to-little-sailor\/boys-bathrobe-1530-1\/\",\"url\":\"https:\/\/blu-lifestyle.eu\/en\/shop\/3-child\/325-from-newborn-to-little-sailor\/boys-bathrobe-1530-1\/\",\"name\":\"BLU children's hooded bathrobe \u2013 white with navy blue details | 0\u20134 years | Cotton, soft, premium (1530-1)\",\"isPartOf\":{\"@id\":\"https:\/\/blu-lifestyle.eu\/en\/#website\"},\"primaryImageOfPage\":{\"@id\":\"https:\/\/blu-lifestyle.eu\/en\/shop\/3-child\/325-from-newborn-to-little-sailor\/boys-bathrobe-1530-1\/#primaryimage\"},\"image\":{\"@id\":\"https:\/\/blu-lifestyle.eu\/en\/shop\/3-child\/325-from-newborn-to-little-sailor\/boys-bathrobe-1530-1\/#primaryimage\"},\"thumbnailUrl\":\"https:\/\/blu-lifestyle.eu\/wp-content\/uploads\/2021\/08\/ESRGAN_28077-scaled.jpg\",\"datePublished\":\"2021-08-22T11:01:43+00:00\",\"dateModified\":\"2025-12-10T22:00:23+00:00\",\"description\":\"Stylowy dzieci\u0119cy szlafrok BLU z kapturem \u2014 bia\u0142y z granatowymi detalami, mi\u0119kki i szybkoschn\u0105cy. Idealny po k\u0105pieli, na basen i nad morze. Rozmiary 0\u20134 lata.\",\"breadcrumb\":{\"@id\":\"https:\/\/blu-lifestyle.eu\/en\/shop\/3-child\/325-from-newborn-to-little-sailor\/boys-bathrobe-1530-1\/#breadcrumb\"},\"inLanguage\":\"en-US\",\"potentialAction\":[{\"@type\":\"ReadAction\",\"target\":[\"https:\/\/blu-lifestyle.eu\/en\/shop\/3-child\/325-from-newborn-to-little-sailor\/boys-bathrobe-1530-1\/\"]}]},{\"@type\":\"ImageObject\",\"inLanguage\":\"en-US\",\"@id\":\"https:\/\/blu-lifestyle.eu\/en\/shop\/3-child\/325-from-newborn-to-little-sailor\/boys-bathrobe-1530-1\/#primaryimage\",\"url\":\"https:\/\/blu-lifestyle.eu\/wp-content\/uploads\/2021\/08\/ESRGAN_28077-scaled.jpg\",\"contentUrl\":\"https:\/\/blu-lifestyle.eu\/wp-content\/uploads\/2021\/08\/ESRGAN_28077-scaled.jpg\",\"width\":1707,\"height\":2560},{\"@type\":\"BreadcrumbList\",\"@id\":\"https:\/\/blu-lifestyle.eu\/en\/shop\/3-child\/325-from-newborn-to-little-sailor\/boys-bathrobe-1530-1\/#breadcrumb\",\"itemListElement\":[{\"@type\":\"ListItem\",\"position\":1,\"name\":\"Strona g\u0142\u00f3wna\",\"item\":\"https:\/\/blu-lifestyle.eu\/en\/\"},{\"@type\":\"ListItem\",\"position\":2,\"name\":\"Shop\",\"item\":\"https:\/\/blu-lifestyle.eu\/en\/shop\/\"},{\"@type\":\"ListItem\",\"position\":3,\"name\":\"BLU children&#8217;s hooded bathrobe \u2013 white with navy blue details | 0\u20134 years | Cotton, soft, premium (1530-1)\"}]},{\"@type\":\"WebSite\",\"@id\":\"https:\/\/blu-lifestyle.eu\/en\/#website\",\"url\":\"https:\/\/blu-lifestyle.eu\/en\/\",\"name\":\"BLU LIFESTYLE\",\"description\":\"\",\"potentialAction\":[{\"@type\":\"SearchAction\",\"target\":{\"@type\":\"EntryPoint\",\"urlTemplate\":\"https:\/\/blu-lifestyle.eu\/en\/?s={search_term_string}\"},\"query-input\":{\"@type\":\"PropertyValueSpecification\",\"valueRequired\":true,\"valueName\":\"search_term_string\"}}],\"inLanguage\":\"en-US\"}]}<\/script>\n<!-- \/ Yoast SEO plugin. -->","yoast_head_json":{"title":"BLU children's hooded bathrobe \u2013 white with navy blue details | 0\u20134 years | Cotton, soft, premium (1530-1)","description":"Stylowy dzieci\u0119cy szlafrok BLU z kapturem \u2014 bia\u0142y z granatowymi detalami, mi\u0119kki i szybkoschn\u0105cy. Idealny po k\u0105pieli, na basen i nad morze. Rozmiary 0\u20134 lata.","robots":{"index":"index","follow":"follow","max-snippet":"max-snippet:-1","max-image-preview":"max-image-preview:large","max-video-preview":"max-video-preview:-1"},"canonical":"https:\/\/blu-lifestyle.eu\/en\/shop\/3-child\/325-from-newborn-to-little-sailor\/boys-bathrobe-1530-1\/","og_locale":"en_US","og_type":"article","og_title":"BLU children's hooded bathrobe \u2013 white with navy blue details | 0\u20134 years | Cotton, soft, premium (1530-1)","og_description":"Stylowy dzieci\u0119cy szlafrok BLU z kapturem \u2014 bia\u0142y z granatowymi detalami, mi\u0119kki i szybkoschn\u0105cy. Idealny po k\u0105pieli, na basen i nad morze. Rozmiary 0\u20134 lata.","og_url":"https:\/\/blu-lifestyle.eu\/en\/shop\/3-child\/325-from-newborn-to-little-sailor\/boys-bathrobe-1530-1\/","og_site_name":"BLU LIFESTYLE","article_modified_time":"2025-12-10T22:00:23+00:00","og_image":[{"width":1707,"height":2560,"url":"https:\/\/blu-lifestyle.eu\/wp-content\/uploads\/2021\/08\/Szlafrok-dla-chlopca-scaled.jpg","type":"image\/jpeg"}],"twitter_card":"summary_large_image","twitter_misc":{"Est. reading time":"1 minute"},"schema":{"@context":"https:\/\/schema.org","@graph":[{"@type":"WebPage","@id":"https:\/\/blu-lifestyle.eu\/en\/shop\/3-child\/325-from-newborn-to-little-sailor\/boys-bathrobe-1530-1\/","url":"https:\/\/blu-lifestyle.eu\/en\/shop\/3-child\/325-from-newborn-to-little-sailor\/boys-bathrobe-1530-1\/","name":"BLU children's hooded bathrobe \u2013 white with navy blue details | 0\u20134 years | Cotton, soft, premium (1530-1)","isPartOf":{"@id":"https:\/\/blu-lifestyle.eu\/en\/#website"},"primaryImageOfPage":{"@id":"https:\/\/blu-lifestyle.eu\/en\/shop\/3-child\/325-from-newborn-to-little-sailor\/boys-bathrobe-1530-1\/#primaryimage"},"image":{"@id":"https:\/\/blu-lifestyle.eu\/en\/shop\/3-child\/325-from-newborn-to-little-sailor\/boys-bathrobe-1530-1\/#primaryimage"},"thumbnailUrl":"https:\/\/blu-lifestyle.eu\/wp-content\/uploads\/2021\/08\/ESRGAN_28077-scaled.jpg","datePublished":"2021-08-22T11:01:43+00:00","dateModified":"2025-12-10T22:00:23+00:00","description":"Stylowy dzieci\u0119cy szlafrok BLU z kapturem \u2014 bia\u0142y z granatowymi detalami, mi\u0119kki i szybkoschn\u0105cy. Idealny po k\u0105pieli, na basen i nad morze. Rozmiary 0\u20134 lata.","breadcrumb":{"@id":"https:\/\/blu-lifestyle.eu\/en\/shop\/3-child\/325-from-newborn-to-little-sailor\/boys-bathrobe-1530-1\/#breadcrumb"},"inLanguage":"en-US","potentialAction":[{"@type":"ReadAction","target":["https:\/\/blu-lifestyle.eu\/en\/shop\/3-child\/325-from-newborn-to-little-sailor\/boys-bathrobe-1530-1\/"]}]},{"@type":"ImageObject","inLanguage":"en-US","@id":"https:\/\/blu-lifestyle.eu\/en\/shop\/3-child\/325-from-newborn-to-little-sailor\/boys-bathrobe-1530-1\/#primaryimage","url":"https:\/\/blu-lifestyle.eu\/wp-content\/uploads\/2021\/08\/ESRGAN_28077-scaled.jpg","contentUrl":"https:\/\/blu-lifestyle.eu\/wp-content\/uploads\/2021\/08\/ESRGAN_28077-scaled.jpg","width":1707,"height":2560},{"@type":"BreadcrumbList","@id":"https:\/\/blu-lifestyle.eu\/en\/shop\/3-child\/325-from-newborn-to-little-sailor\/boys-bathrobe-1530-1\/#breadcrumb","itemListElement":[{"@type":"ListItem","position":1,"name":"Strona g\u0142\u00f3wna","item":"https:\/\/blu-lifestyle.eu\/en\/"},{"@type":"ListItem","position":2,"name":"Shop","item":"https:\/\/blu-lifestyle.eu\/en\/shop\/"},{"@type":"ListItem","position":3,"name":"BLU children&#8217;s hooded bathrobe \u2013 white with navy blue details | 0\u20134 years | Cotton, soft, premium (1530-1)"}]},{"@type":"WebSite","@id":"https:\/\/blu-lifestyle.eu\/en\/#website","url":"https:\/\/blu-lifestyle.eu\/en\/","name":"BLU LIFESTYLE","description":"","potentialAction":[{"@type":"SearchAction","target":{"@type":"EntryPoint","urlTemplate":"https:\/\/blu-lifestyle.eu\/en\/?s={search_term_string}"},"query-input":{"@type":"PropertyValueSpecification","valueRequired":true,"valueName":"search_term_string"}}],"inLanguage":"en-US"}]}},"_links":{"self":[{"href":"https:\/\/blu-lifestyle.eu\/en\/wp-json\/wp\/v2\/product\/4910","targetHints":{"allow":["GET"]}}],"collection":[{"href":"https:\/\/blu-lifestyle.eu\/en\/wp-json\/wp\/v2\/product"}],"about":[{"href":"https:\/\/blu-lifestyle.eu\/en\/wp-json\/wp\/v2\/types\/product"}],"replies":[{"embeddable":true,"href":"https:\/\/blu-lifestyle.eu\/en\/wp-json\/wp\/v2\/comments?post=4910"}],"wp:featuredmedia":[{"embeddable":true,"href":"https:\/\/blu-lifestyle.eu\/en\/wp-json\/wp\/v2\/media\/15330"}],"wp:attachment":[{"href":"https:\/\/blu-lifestyle.eu\/en\/wp-json\/wp\/v2\/media?parent=4910"}],"wp:term":[{"taxonomy":"product_brand","embeddable":true,"href":"https:\/\/blu-lifestyle.eu\/en\/wp-json\/wp\/v2\/product_brand?post=4910"},{"taxonomy":"product_cat","embeddable":true,"href":"https:\/\/blu-lifestyle.eu\/en\/wp-json\/wp\/v2\/product_cat?post=4910"},{"taxonomy":"product_tag","embeddable":true,"href":"https:\/\/blu-lifestyle.eu\/en\/wp-json\/wp\/v2\/product_tag?post=4910"}],"curies":[{"name":"wp","href":"https:\/\/api.w.org\/{rel}","templated":true}]}}